{"id":2288,"date":"2022-02-28T13:41:07","date_gmt":"2022-02-28T12:41:07","guid":{"rendered":"https:\/\/www.sanaya-care.com\/bachblueten\/"},"modified":"2024-03-15T10:41:18","modified_gmt":"2024-03-15T09:41:18","slug":"fleurs-de-bach","status":"publish","type":"page","link":"https:\/\/www.sanaya-care.com\/fr\/fleurs-de-bach\/","title":{"rendered":"Fleurs de Bach"},"content":{"rendered":"","protected":false},"excerpt":{"rendered":"","protected":false},"author":1,"featured_media":0,"parent":0,"menu_order":2,"comment_status":"closed","ping_status":"closed","template":"","meta":{"_acf_changed":false,"inline_featured_image":false,"_monsterinsights_skip_tracking":false,"_monsterinsights_sitenote_active":false,"_monsterinsights_sitenote_note":"","_monsterinsights_sitenote_category":0,"footnotes":""},"class_list":["post-2288","page","type-page","status-publish","hentry"],"acf":[],"yoast_head":"<!-- This site is optimized with the Yoast SEO plugin v27.4 - https:\/\/yoast.com\/product\/yoast-seo-wordpress\/ -->\n<title>Bachbl\u00fcten: Die Idee der Bachbl\u00fctentherapie| Sanaya<\/title>\n<meta name=\"description\" content=\"Die Bachbl\u00fctentherapie geht davon aus, dass der Ursprung von Krankheiten in der Seele des Menschen liegt. Hier erf\u00e4hrst du mehr \u00fcber Herstellung und Wirkung.\" \/>\n<meta name=\"robots\" content=\"index, follow, max-snippet:-1, max-image-preview:large, max-video-preview:-1\" \/>\n<link rel=\"canonical\" href=\"https:\/\/www.sanaya-care.com\/fr\/fleurs-de-bach\/\" \/>\n<meta property=\"og:locale\" content=\"fr_FR\" \/>\n<meta property=\"og:type\" content=\"article\" \/>\n<meta property=\"og:title\" content=\"Bachbl\u00fcten: Die Idee der Bachbl\u00fctentherapie| Sanaya\" \/>\n<meta property=\"og:description\" content=\"Die Bachbl\u00fctentherapie geht davon aus, dass der Ursprung von Krankheiten in der Seele des Menschen liegt. Hier erf\u00e4hrst du mehr \u00fcber Herstellung und Wirkung.\" \/>\n<meta property=\"og:url\" content=\"https:\/\/www.sanaya-care.com\/fr\/fleurs-de-bach\/\" \/>\n<meta property=\"og:site_name\" content=\"Sanaya\" \/>\n<meta property=\"article:modified_time\" content=\"2024-03-15T09:41:18+00:00\" \/>\n<meta name=\"twitter:card\" content=\"summary_large_image\" \/>\n<script type=\"application\/ld+json\" class=\"yoast-schema-graph\">{\"@context\":\"https:\\\/\\\/schema.org\",\"@graph\":[{\"@type\":\"WebPage\",\"@id\":\"https:\\\/\\\/www.sanaya-care.com\\\/fr\\\/fleurs-de-bach\\\/\",\"url\":\"https:\\\/\\\/www.sanaya-care.com\\\/fr\\\/fleurs-de-bach\\\/\",\"name\":\"Bachbl\u00fcten: Die Idee der Bachbl\u00fctentherapie| Sanaya\",\"isPartOf\":{\"@id\":\"https:\\\/\\\/www.sanaya-care.com\\\/fr\\\/#website\"},\"datePublished\":\"2022-02-28T12:41:07+00:00\",\"dateModified\":\"2024-03-15T09:41:18+00:00\",\"description\":\"Die Bachbl\u00fctentherapie geht davon aus, dass der Ursprung von Krankheiten in der Seele des Menschen liegt. Hier erf\u00e4hrst du mehr \u00fcber Herstellung und Wirkung.\",\"breadcrumb\":{\"@id\":\"https:\\\/\\\/www.sanaya-care.com\\\/fr\\\/fleurs-de-bach\\\/#breadcrumb\"},\"inLanguage\":\"fr-FR\",\"potentialAction\":[{\"@type\":\"ReadAction\",\"target\":[\"https:\\\/\\\/www.sanaya-care.com\\\/fr\\\/fleurs-de-bach\\\/\"]}]},{\"@type\":\"BreadcrumbList\",\"@id\":\"https:\\\/\\\/www.sanaya-care.com\\\/fr\\\/fleurs-de-bach\\\/#breadcrumb\",\"itemListElement\":[{\"@type\":\"ListItem\",\"position\":1,\"name\":\"Startseite\",\"item\":\"https:\\\/\\\/www.sanaya-care.com\\\/fr\\\/\"},{\"@type\":\"ListItem\",\"position\":2,\"name\":\"Fleurs de Bach\"}]},{\"@type\":\"WebSite\",\"@id\":\"https:\\\/\\\/www.sanaya-care.com\\\/fr\\\/#website\",\"url\":\"https:\\\/\\\/www.sanaya-care.com\\\/fr\\\/\",\"name\":\"Sanaya\",\"description\":\"Inspiriert die Sinne\",\"publisher\":{\"@id\":\"https:\\\/\\\/www.sanaya-care.com\\\/fr\\\/#organization\"},\"potentialAction\":[{\"@type\":\"SearchAction\",\"target\":{\"@type\":\"EntryPoint\",\"urlTemplate\":\"https:\\\/\\\/www.sanaya-care.com\\\/fr\\\/?s={search_term_string}\"},\"query-input\":{\"@type\":\"PropertyValueSpecification\",\"valueRequired\":true,\"valueName\":\"search_term_string\"}}],\"inLanguage\":\"fr-FR\"},{\"@type\":\"Organization\",\"@id\":\"https:\\\/\\\/www.sanaya-care.com\\\/fr\\\/#organization\",\"name\":\"Sanaya Care\",\"url\":\"https:\\\/\\\/www.sanaya-care.com\\\/fr\\\/\",\"logo\":{\"@type\":\"ImageObject\",\"inLanguage\":\"fr-FR\",\"@id\":\"https:\\\/\\\/www.sanaya-care.com\\\/fr\\\/#\\\/schema\\\/logo\\\/image\\\/\",\"url\":\"https:\\\/\\\/www.sanaya-care.com\\\/wp-content\\\/uploads\\\/2022\\\/03\\\/seo-logo.jpg\",\"contentUrl\":\"https:\\\/\\\/www.sanaya-care.com\\\/wp-content\\\/uploads\\\/2022\\\/03\\\/seo-logo.jpg\",\"width\":128,\"height\":128,\"caption\":\"Sanaya Care\"},\"image\":{\"@id\":\"https:\\\/\\\/www.sanaya-care.com\\\/fr\\\/#\\\/schema\\\/logo\\\/image\\\/\"}}]}<\/script>\n<!-- \/ Yoast SEO plugin. -->","yoast_head_json":{"title":"Bachbl\u00fcten: Die Idee der Bachbl\u00fctentherapie| Sanaya","description":"Die Bachbl\u00fctentherapie geht davon aus, dass der Ursprung von Krankheiten in der Seele des Menschen liegt. Hier erf\u00e4hrst du mehr \u00fcber Herstellung und Wirkung.","robots":{"index":"index","follow":"follow","max-snippet":"max-snippet:-1","max-image-preview":"max-image-preview:large","max-video-preview":"max-video-preview:-1"},"canonical":"https:\/\/www.sanaya-care.com\/fr\/fleurs-de-bach\/","og_locale":"fr_FR","og_type":"article","og_title":"Bachbl\u00fcten: Die Idee der Bachbl\u00fctentherapie| Sanaya","og_description":"Die Bachbl\u00fctentherapie geht davon aus, dass der Ursprung von Krankheiten in der Seele des Menschen liegt. Hier erf\u00e4hrst du mehr \u00fcber Herstellung und Wirkung.","og_url":"https:\/\/www.sanaya-care.com\/fr\/fleurs-de-bach\/","og_site_name":"Sanaya","article_modified_time":"2024-03-15T09:41:18+00:00","twitter_card":"summary_large_image","schema":{"@context":"https:\/\/schema.org","@graph":[{"@type":"WebPage","@id":"https:\/\/www.sanaya-care.com\/fr\/fleurs-de-bach\/","url":"https:\/\/www.sanaya-care.com\/fr\/fleurs-de-bach\/","name":"Bachbl\u00fcten: Die Idee der Bachbl\u00fctentherapie| Sanaya","isPartOf":{"@id":"https:\/\/www.sanaya-care.com\/fr\/#website"},"datePublished":"2022-02-28T12:41:07+00:00","dateModified":"2024-03-15T09:41:18+00:00","description":"Die Bachbl\u00fctentherapie geht davon aus, dass der Ursprung von Krankheiten in der Seele des Menschen liegt. Hier erf\u00e4hrst du mehr \u00fcber Herstellung und Wirkung.","breadcrumb":{"@id":"https:\/\/www.sanaya-care.com\/fr\/fleurs-de-bach\/#breadcrumb"},"inLanguage":"fr-FR","potentialAction":[{"@type":"ReadAction","target":["https:\/\/www.sanaya-care.com\/fr\/fleurs-de-bach\/"]}]},{"@type":"BreadcrumbList","@id":"https:\/\/www.sanaya-care.com\/fr\/fleurs-de-bach\/#breadcrumb","itemListElement":[{"@type":"ListItem","position":1,"name":"Startseite","item":"https:\/\/www.sanaya-care.com\/fr\/"},{"@type":"ListItem","position":2,"name":"Fleurs de Bach"}]},{"@type":"WebSite","@id":"https:\/\/www.sanaya-care.com\/fr\/#website","url":"https:\/\/www.sanaya-care.com\/fr\/","name":"Sanaya","description":"Inspiriert die Sinne","publisher":{"@id":"https:\/\/www.sanaya-care.com\/fr\/#organization"},"potentialAction":[{"@type":"SearchAction","target":{"@type":"EntryPoint","urlTemplate":"https:\/\/www.sanaya-care.com\/fr\/?s={search_term_string}"},"query-input":{"@type":"PropertyValueSpecification","valueRequired":true,"valueName":"search_term_string"}}],"inLanguage":"fr-FR"},{"@type":"Organization","@id":"https:\/\/www.sanaya-care.com\/fr\/#organization","name":"Sanaya Care","url":"https:\/\/www.sanaya-care.com\/fr\/","logo":{"@type":"ImageObject","inLanguage":"fr-FR","@id":"https:\/\/www.sanaya-care.com\/fr\/#\/schema\/logo\/image\/","url":"https:\/\/www.sanaya-care.com\/wp-content\/uploads\/2022\/03\/seo-logo.jpg","contentUrl":"https:\/\/www.sanaya-care.com\/wp-content\/uploads\/2022\/03\/seo-logo.jpg","width":128,"height":128,"caption":"Sanaya Care"},"image":{"@id":"https:\/\/www.sanaya-care.com\/fr\/#\/schema\/logo\/image\/"}}]}},"_links":{"self":[{"href":"https:\/\/www.sanaya-care.com\/fr\/wp-json\/wp\/v2\/pages\/2288","targetHints":{"allow":["GET"]}}],"collection":[{"href":"https:\/\/www.sanaya-care.com\/fr\/wp-json\/wp\/v2\/pages"}],"about":[{"href":"https:\/\/www.sanaya-care.com\/fr\/wp-json\/wp\/v2\/types\/page"}],"author":[{"embeddable":true,"href":"https:\/\/www.sanaya-care.com\/fr\/wp-json\/wp\/v2\/users\/1"}],"replies":[{"embeddable":true,"href":"https:\/\/www.sanaya-care.com\/fr\/wp-json\/wp\/v2\/comments?post=2288"}],"version-history":[{"count":0,"href":"https:\/\/www.sanaya-care.com\/fr\/wp-json\/wp\/v2\/pages\/2288\/revisions"}],"wp:attachment":[{"href":"https:\/\/www.sanaya-care.com\/fr\/wp-json\/wp\/v2\/media?parent=2288"}],"curies":[{"name":"wp","href":"https:\/\/api.w.org\/{rel}","templated":true}]}}